{"id":85634,"date":"2025-01-08T11:57:25","date_gmt":"2025-01-08T10:57:25","guid":{"rendered":"https:\/\/hybo.app\/ca\/?page_id=85634"},"modified":"2025-01-08T11:57:25","modified_gmt":"2025-01-08T10:57:25","slug":"politica-de-seguretat","status":"publish","type":"page","link":"https:\/\/hybo.app\/ca\/politica-de-seguretat\/","title":{"rendered":"Pol\u00edtica de seguretat"},"content":{"rendered":"<p><strong>Pol\u00edtica de seguretat<\/strong><\/p>\n<p>HYBO, HYBRID WORK SOLUTIONS, S.L. ofereix una \u00e0mplia gamma de serveis especialitzats en solucions tecnol\u00f2giques, adaptades a les necessitats dels seus clients i amb un enfocament clar en la innovaci\u00f3 i el futur digital. Alguns dels seus principals serveis inclouen:<\/p>\n<ol>\n<li><strong>Solucions de Digital Workplace:<\/strong> Hybo ajuda a les empreses a implementar plataformes de col\u00b7laboraci\u00f3 com la seva Collaboration Hub i Communication Hub, que faciliten el treball en equip i la comunicaci\u00f3 en el n\u00favol, millorant la productivitat i el comprom\u00eds dels empleats.<\/li>\n<li><strong>Automatitzaci\u00f3 i optimitzaci\u00f3 amb Power Platform:<\/strong> A trav\u00e9s de la plataforma de Microsoft Power Platform, Raona automatitza fluxos de treball i redueix costos operatius, optimitzant el temps i l&#8217;efici\u00e8ncia dels empleats.<\/li>\n<li><strong>Infraestructures i solucions en el n\u00favol:<\/strong> Hybo dissenya i gestiona infraestructures adaptades a les necessitats de cada empresa, donant suport a la transformaci\u00f3 digital amb solucions en el n\u00favol segures i escalables.<\/li>\n<li><strong>Desenvolupament a mesura i gesti\u00f3 documental:<\/strong> L&#8217;empresa tamb\u00e9 ofereix serveis de desenvolupament de programari personalitzat, enfocats a crear aplicacions adaptades i f\u00e0cils d&#8217;adoptar, a m\u00e9s de solucions integrades per a la gesti\u00f3 eficient de documents.<\/li>\n<li><strong>Disseny inclusiu i UX:<\/strong> Millora l&#8217;experi\u00e8ncia de l&#8217;usuari a trav\u00e9s d&#8217;interf\u00edcies accessibles, optimitzant la usabilitat i assegurant que els entorns digitals siguin m\u00e9s inclusius per a tots.<\/li>\n<li><strong>Serveis gestionats i suport de IT:<\/strong> Hybo tamb\u00e9 ofereix serveis gestionats, permetent a les empreses delegar la gesti\u00f3 dels seus entorns IT a experts, la qual cosa redueix costos operatius, millora la seguretat i assegura el compliment normatiu.<\/li>\n<\/ol>\n<p>&nbsp;<\/p>\n<p>Tots aquests serveis estan recolzats per una s\u00f2lida experi\u00e8ncia com Microsoft Gold Partner, la qual cosa garanteix un nivell alt de expertise i solucions a mesura per a cada client<\/p>\n<p>Aquests serveis serien fonamentals en la preparaci\u00f3 d&#8217;una certificaci\u00f3 ISO 27001, ja que cobreixen aspectes clau com la gesti\u00f3 de la seguretat de la informaci\u00f3, l&#8217;optimitzaci\u00f3 dels processos IT i la millora en la infraestructura tecnol\u00f2gica.<\/p>\n<p>Els objectius fonamentals del nostre sistema de gesti\u00f3 de seguretat de la informaci\u00f3 s\u00f3n:<br \/>\n\u25cf Protegir els actius d&#8217;informaci\u00f3 conforme al seu valor o import\u00e0ncia.<br \/>\n\u25cf Garantir la confidencialitat, disponibilitat i integritat de la informaci\u00f3.<br \/>\n\u25cf Gestionar els riscos identificats de manera diligent.<br \/>\n\u25cf Preservar la privacitat de clients, empleats, prove\u00efdors i terceres parts.<br \/>\n\u25cf Garantir el compliment dels requisits aplicables, i especialment els legals.<br \/>\n\u25cf Millorar cont\u00ednuament el sistema de seguretat de la informaci\u00f3.<\/p>\n<p>Per a aconseguir aquests objectius generals la Direcci\u00f3 assumeix el ferm comprom\u00eds d&#8217;optimitzar la seva pol\u00edtica de seguretat de la informaci\u00f3 basada en els seg\u00fcents factors:<\/p>\n<p>\u25cf Prevenci\u00f3 de Riscos: Establir les directrius i mitjans necessaris en mat\u00e8ria de prevenci\u00f3 de riscos amb l&#8217;objectiu fonamental d&#8217;eliminar-los o mitigar-los<br \/>\n\u25cf Comprom\u00eds amb la protecci\u00f3 del medi ambient: Reduir i prevenir els impactes mediambientals generats per les nostres activitats, productes o serveis.<br \/>\n\u25cf Requisits Legals: Entendre els requisits legals i un altre tipus de requisits especificats pels nostres clients com un conjunt de m\u00ednims a complir.<br \/>\n\u25cf Difusi\u00f3: Difondre i promoure la millora de la seguretat de la informaci\u00f3.<br \/>\n\u25cf Grups d&#8217;inter\u00e8s: Participaci\u00f3 conjunta amb totes les nostres parts interessades per una millora de la seguretat de la informaci\u00f3.<br \/>\n\u25cf Capacitaci\u00f3: Capacitaci\u00f3 constant de tots els nostres professionals, en coneixements t\u00e8cnics, i habilitats, fomentant la seva participaci\u00f3 i comprom\u00eds amb aquesta pol\u00edtica, la millora del sistema i la seguretat de la informaci\u00f3.<br \/>\n\u25cf Seguiment: Establir indicadors a tots els nivells que ens permetin prendre decisions basades en l&#8217;evid\u00e8ncia.<br \/>\n\u25cf Millora cont\u00ednua: Establir i revisar peri\u00f2dicament objectius i metes, que proporcionin un marc de refer\u00e8ncia per a la millora cont\u00ednua dels processos i del desenvolupament sostenible.<br \/>\n\u25cf Analitzar: Analitza i avaluar les desviacions que puguin produir-se en mat\u00e8ria de seguretat de la informaci\u00f3 i establir les accions correctives i oportunitats de millora necess\u00e0ries.<br \/>\n\u25cf Sistema integrat: Elaboraci\u00f3 participativa de tots els grups de l&#8217;organitzaci\u00f3, a tots els nivells, sent conscients de l&#8217;aportaci\u00f3 als objectius del sistema i les repercussions dels incompliments.<\/p>\n<p>Tot el personal t\u00e9 el deure d&#8217;acatar aquesta pol\u00edtica, per a aix\u00f2 la Direcci\u00f3 disposa els mitjans necessaris i recursos suficients per al seu compliment, i assumeix la responsabilitat de comunicar i mantenir-la accessible a totes les parts interessades.<\/p>\n","protected":false},"excerpt":{"rendered":"<p>Pol\u00edtica de seguretat HYBO, HYBRID WORK SOLUTIONS, S.L. ofereix una \u00e0mplia gamma de serveis especialitzats en solucions tecnol\u00f2giques, adaptades a [&hellip;]<\/p>\n","protected":false},"author":5,"featured_media":0,"parent":0,"menu_order":0,"comment_status":"closed","ping_status":"closed","template":"","meta":{"_acf_changed":false,"content-type":"","site-sidebar-layout":"default","site-content-layout":"","ast-site-content-layout":"default","site-content-style":"default","site-sidebar-style":"default","ast-global-header-display":"","ast-banner-title-visibility":"","ast-main-header-display":"","ast-hfb-above-header-display":"","ast-hfb-below-header-display":"","ast-hfb-mobile-header-display":"","site-post-title":"","ast-breadcrumbs-content":"","ast-featured-img":"","footer-sml-layout":"","ast-disable-related-posts":"","theme-transparent-header-meta":"default","adv-header-id-meta":"","stick-header-meta":"","header-above-stick-meta":"","header-main-stick-meta":"","header-below-stick-meta":"","astra-migrate-meta-layouts":"set","ast-page-background-enabled":"default","ast-page-background-meta":{"desktop":{"background-color":"var(--ast-global-color-4)","background-image":"","background-repeat":"repeat","background-position":"center center","background-size":"auto","background-attachment":"scroll","background-type":"","background-media":"","overlay-type":"","overlay-color":"","overlay-opacity":"","overlay-gradient":""},"tablet":{"background-color":"","background-image":"","background-repeat":"repeat","background-position":"center center","background-size":"auto","background-attachment":"scroll","background-type":"","background-media":"","overlay-type":"","overlay-color":"","overlay-opacity":"","overlay-gradient":""},"mobile":{"background-color":"","background-image":"","background-repeat":"repeat","background-position":"center center","background-size":"auto","background-attachment":"scroll","background-type":"","background-media":"","overlay-type":"","overlay-color":"","overlay-opacity":"","overlay-gradient":""}},"ast-content-background-meta":{"desktop":{"background-color":"var(--ast-global-color-5)","background-image":"","background-repeat":"repeat","background-position":"center center","background-size":"auto","background-attachment":"scroll","background-type":"","background-media":"","overlay-type":"","overlay-color":"","overlay-opacity":"","overlay-gradient":""},"tablet":{"background-color":"var(--ast-global-color-5)","background-image":"","background-repeat":"repeat","background-position":"center center","background-size":"auto","background-attachment":"scroll","background-type":"","background-media":"","overlay-type":"","overlay-color":"","overlay-opacity":"","overlay-gradient":""},"mobile":{"background-color":"var(--ast-global-color-5)","background-image":"","background-repeat":"repeat","background-position":"center center","background-size":"auto","background-attachment":"scroll","background-type":"","background-media":"","overlay-type":"","overlay-color":"","overlay-opacity":"","overlay-gradient":""}},"footnotes":""},"class_list":["post-85634","page","type-page","status-publish","hentry"],"acf":[],"_links":{"self":[{"href":"https:\/\/hybo.app\/ca\/wp-json\/wp\/v2\/pages\/85634","targetHints":{"allow":["GET"]}}],"collection":[{"href":"https:\/\/hybo.app\/ca\/wp-json\/wp\/v2\/pages"}],"about":[{"href":"https:\/\/hybo.app\/ca\/wp-json\/wp\/v2\/types\/page"}],"author":[{"embeddable":true,"href":"https:\/\/hybo.app\/ca\/wp-json\/wp\/v2\/users\/5"}],"replies":[{"embeddable":true,"href":"https:\/\/hybo.app\/ca\/wp-json\/wp\/v2\/comments?post=85634"}],"version-history":[{"count":1,"href":"https:\/\/hybo.app\/ca\/wp-json\/wp\/v2\/pages\/85634\/revisions"}],"predecessor-version":[{"id":85635,"href":"https:\/\/hybo.app\/ca\/wp-json\/wp\/v2\/pages\/85634\/revisions\/85635"}],"wp:attachment":[{"href":"https:\/\/hybo.app\/ca\/wp-json\/wp\/v2\/media?parent=85634"}],"curies":[{"name":"wp","href":"https:\/\/api.w.org\/{rel}","templated":true}]}}