{"id":81449,"date":"2024-09-04T19:14:48","date_gmt":"2024-09-04T17:14:48","guid":{"rendered":"https:\/\/hybo.app\/?page_id=81449"},"modified":"2025-05-22T12:06:11","modified_gmt":"2025-05-22T10:06:11","slug":"suport","status":"publish","type":"page","link":"https:\/\/hybo.app\/ca\/suport\/","title":{"rendered":"Suport"},"content":{"rendered":"\t\t<div data-elementor-type=\"wp-page\" data-elementor-id=\"81449\" class=\"elementor elementor-81449\" data-elementor-post-type=\"page\">\n\t\t\t\t<div class=\"elementor-element elementor-element-70f22b3 e-flex e-con-boxed e-con e-parent\" data-id=\"70f22b3\" data-element_type=\"container\" data-e-type=\"container\">\n\t\t\t\t\t<div class=\"e-con-inner\">\n\t\t<div class=\"elementor-element elementor-element-4c9d534 e-con-full e-flex e-con e-child\" data-id=\"4c9d534\" data-element_type=\"container\" data-e-type=\"container\">\n\t\t\t\t<div data-dce-title-color=\"#7B7B7B\" class=\"elementor-element elementor-element-5c199bf elementor-widget elementor-widget-heading\" data-id=\"5c199bf\" data-element_type=\"widget\" data-e-type=\"widget\" data-widget_type=\"heading.default\">\n\t\t\t\t\t<h1 class=\"elementor-heading-title elementor-size-default\">Servei t\u00e8cnic d'Hybo<\/h1>\t\t\t\t<\/div>\n\t\t\t\t<div data-dce-text-color=\"#000000\" class=\"elementor-element elementor-element-10280d4 elementor-widget__width-initial elementor-widget elementor-widget-text-editor\" data-id=\"10280d4\" data-element_type=\"widget\" data-e-type=\"widget\" data-widget_type=\"text-editor.default\">\n\t\t\t\t\t\t\t\t\t<p>Si ets client i tens alguna consulta o dubte t\u00e8cnic, pots contactar amb el nostre servei t\u00e8cnic.<\/p>\t\t\t\t\t\t\t\t<\/div>\n\t\t\t\t<div data-dce-background-color=\"#F78C38\" class=\"elementor-element elementor-element-4d94ce0 elementor-align-left elementor-mobile-align-center elementor-widget elementor-widget-button\" data-id=\"4d94ce0\" data-element_type=\"widget\" data-e-type=\"widget\" data-widget_type=\"button.default\">\n\t\t\t\t\t\t\t\t\t\t<a class=\"elementor-button elementor-button-link elementor-size-sm\" href=\"mailto:service@hybo.app\">\n\t\t\t\t\t\t<span class=\"elementor-button-content-wrapper\">\n\t\t\t\t\t\t\t\t\t<span class=\"elementor-button-text\">Contacte servei t\u00e8cnic<\/span>\n\t\t\t\t\t<\/span>\n\t\t\t\t\t<\/a>\n\t\t\t\t\t\t\t\t<\/div>\n\t\t\t\t<\/div>\n\t\t<div class=\"elementor-element elementor-element-c2ee600 e-con-full e-flex e-con e-child\" data-id=\"c2ee600\" data-element_type=\"container\" data-e-type=\"container\">\n\t\t\t\t<div class=\"elementor-element elementor-element-3f8fcf8 elementor-widget elementor-widget-image\" data-id=\"3f8fcf8\" data-element_type=\"widget\" data-e-type=\"widget\" data-widget_type=\"image.default\">\n\t\t\t\t\t\t\t\t\t\t\t\t\t\t\t<img fetchpriority=\"high\" decoding=\"async\" width=\"663\" height=\"519\" src=\"https:\/\/hybo.app\/ca\/wp-content\/uploads\/sites\/10\/2024\/09\/header.png\" class=\"attachment-full size-full wp-image-81289\" alt=\"POR QU\u00c9 ELEGIR HYBO PARA TUS ESPACIOS\" srcset=\"https:\/\/hybo.app\/ca\/wp-content\/uploads\/sites\/10\/2024\/09\/header.png 663w, https:\/\/hybo.app\/ca\/wp-content\/uploads\/sites\/10\/2024\/09\/header-300x235.png 300w\" sizes=\"(max-width: 663px) 100vw, 663px\" \/>\t\t\t\t\t\t\t\t\t\t\t\t\t\t\t<\/div>\n\t\t\t\t<\/div>\n\t\t\t\t\t<\/div>\n\t\t\t\t<\/div>\n\t\t<div data-dce-background-color=\"#FFE1D3\" class=\"elementor-element elementor-element-7b955e2 e-flex e-con-boxed e-con e-parent\" data-id=\"7b955e2\" data-element_type=\"container\" data-e-type=\"container\" data-settings=\"{&quot;background_background&quot;:&quot;classic&quot;}\">\n\t\t\t\t\t<div class=\"e-con-inner\">\n\t\t\t\t<div data-dce-title-color=\"#000B0F\" class=\"elementor-element elementor-element-7c84363 elementor-widget__width-initial elementor-widget elementor-widget-heading\" data-id=\"7c84363\" data-element_type=\"widget\" data-e-type=\"widget\" data-widget_type=\"heading.default\">\n\t\t\t\t\t<h4 class=\"elementor-heading-title elementor-size-default\">Abans d'escriure'ns, t'aconsellem llegir les nostres FAQ per trobar la soluci\u00f3 que cerques.<\/h4>\t\t\t\t<\/div>\n\t\t\t\t\t<\/div>\n\t\t\t\t<\/div>\n\t\t<div data-dce-background-color=\"#FFE1D3\" class=\"elementor-element elementor-element-75c299c e-flex e-con-boxed e-con e-parent\" data-id=\"75c299c\" data-element_type=\"container\" data-e-type=\"container\" data-settings=\"{&quot;background_background&quot;:&quot;classic&quot;}\">\n\t\t\t\t\t<div class=\"e-con-inner\">\n\t\t<div data-dce-background-color=\"#FFFFFF\" class=\"elementor-element elementor-element-d4690e9 e-con-full e-flex e-con e-child\" data-id=\"d4690e9\" data-element_type=\"container\" data-e-type=\"container\" data-settings=\"{&quot;background_background&quot;:&quot;classic&quot;}\">\n\t\t\t\t<div data-dce-title-color=\"#000B0F\" class=\"elementor-element elementor-element-180a5a6 elementor-widget__width-initial elementor-widget elementor-widget-heading\" data-id=\"180a5a6\" data-element_type=\"widget\" data-e-type=\"widget\" data-widget_type=\"heading.default\">\n\t\t\t\t\t<h5 class=\"elementor-heading-title elementor-size-default\">FAQ hybo<\/h5>\t\t\t\t<\/div>\n\t\t\t\t<div class=\"elementor-element elementor-element-f7482c0 elementor-widget__width-initial elementor-widget elementor-widget-ucaddon_uc_icon_accordion\" data-id=\"f7482c0\" data-element_type=\"widget\" data-e-type=\"widget\" data-widget_type=\"ucaddon_uc_icon_accordion.default\">\n\t\t\t\t<div class=\"elementor-widget-container\">\n\t\t\t\t\t\n<!-- start Icon Accordion -->\n\t\t<link id='font-awesome-css' href='https:\/\/hybo.app\/ca\/wp-content\/plugins\/unlimited-elements-for-elementor-premium\/assets_libraries\/font-awesome6\/fontawesome-all.min.css' type='text\/css' rel='stylesheet' >\n\t\t<link id='font-awesome-4-shim-css' href='https:\/\/hybo.app\/ca\/wp-content\/plugins\/unlimited-elements-for-elementor-premium\/assets_libraries\/font-awesome6\/fontawesome-v4-shims.min.css' type='text\/css' rel='stylesheet' >\n\n<style>\/* widget: Icon Accordion *\/\n\n#uc_uc_icon_accordion_elementor_f7482c0 *{\n\tbox-sizing: border-box;\n}\n#uc_uc_icon_accordion_elementor_f7482c0 .uc_container .uc-heading\n{\n\tcursor:pointer;\n    display:flex;\n    align-items:center;\n    transition:0.3s;\n}\n#uc_uc_icon_accordion_elementor_f7482c0 .uc_container .uc-heading span.bbb\n{\n\tdisplay:block;\n\t\n}\n#uc_uc_icon_accordion_elementor_f7482c0 .uc_ac_box.uc-item-active span.uc_dactive\n{\n\tdisplay:none;\n}\n#uc_uc_icon_accordion_elementor_f7482c0 .uc_ac_box:not(.uc-item-active) span.uc_active\n{\n\tdisplay:none;\n}\n\n#uc_uc_icon_accordion_elementor_f7482c0 .ue_icon_holder,\n#uc_uc_icon_accordion_elementor_f7482c0 .ue_icon_spacing\n{\n  flex-grow:0;\n  flex-shrink:0; \n}\n#uc_uc_icon_accordion_elementor_f7482c0 .uc_content{\n\tdisplay: none;\n}\n#uc_uc_icon_accordion_elementor_f7482c0 .ue_icon\n{\n  display:flex;\n  justify-content:center;\n  align-items:center;\n  line-height:1em;\n  transition:0.3s;\n}\n\n#uc_uc_icon_accordion_elementor_f7482c0 .ue_icon svg\n{\n  height:1em;\n  width:1em;\n}\n\n#uc_uc_icon_accordion_elementor_f7482c0 .ue_expand_inside\n{\n  display:flex;\n  justify-content:center;\n  align-items:center;\n  line-height:1em;\n}\n\n#uc_uc_icon_accordion_elementor_f7482c0 .ue_expand_inside svg\n{\n  height:1em;\n  width:1em;\n}\n\n#uc_uc_icon_accordion_elementor_f7482c0 .ue_expand,\n#uc_uc_icon_accordion_elementor_f7482c0 .ue_expand_spacing\n{\n  flex-grow:0;\n  flex-shrink:0;\n}\n\n#uc_uc_icon_accordion_elementor_f7482c0 .ue_title\n{\n  flex-grow:1;\n}\n\n#uc_uc_icon_accordion_elementor_f7482c0 .uc_ac_box:last-child\n{\n  margin-bottom:0px;\n}\n\n#uc_uc_icon_accordion_elementor_f7482c0 .uc_ac_box\n{\n  overflow:hidden;\n}\n#uc_uc_icon_accordion_elementor_f7482c0_item1 .ue_icon\n{\n  background-color:;\n}\n\n#uc_uc_icon_accordion_elementor_f7482c0_item1 .uc-heading\n{\n  background-color:;\n}\n#uc_uc_icon_accordion_elementor_f7482c0_item2 .ue_icon\n{\n  background-color:;\n}\n\n#uc_uc_icon_accordion_elementor_f7482c0_item2 .uc-heading\n{\n  background-color:;\n}\n#uc_uc_icon_accordion_elementor_f7482c0_item3 .ue_icon\n{\n  background-color:;\n}\n\n#uc_uc_icon_accordion_elementor_f7482c0_item3 .uc-heading\n{\n  background-color:;\n}\n#uc_uc_icon_accordion_elementor_f7482c0_item4 .ue_icon\n{\n  background-color:;\n}\n\n#uc_uc_icon_accordion_elementor_f7482c0_item4 .uc-heading\n{\n  background-color:;\n}\n#uc_uc_icon_accordion_elementor_f7482c0_item5 .ue_icon\n{\n  background-color:;\n}\n\n#uc_uc_icon_accordion_elementor_f7482c0_item5 .uc-heading\n{\n  background-color:;\n}\n#uc_uc_icon_accordion_elementor_f7482c0_item6 .ue_icon\n{\n  background-color:;\n}\n\n#uc_uc_icon_accordion_elementor_f7482c0_item6 .uc-heading\n{\n  background-color:;\n}\n#uc_uc_icon_accordion_elementor_f7482c0_item7 .ue_icon\n{\n  background-color:;\n}\n\n#uc_uc_icon_accordion_elementor_f7482c0_item7 .uc-heading\n{\n  background-color:;\n}\n#uc_uc_icon_accordion_elementor_f7482c0_item8 .ue_icon\n{\n  background-color:;\n}\n\n#uc_uc_icon_accordion_elementor_f7482c0_item8 .uc-heading\n{\n  background-color:;\n}\n#uc_uc_icon_accordion_elementor_f7482c0_item9 .ue_icon\n{\n  background-color:;\n}\n\n#uc_uc_icon_accordion_elementor_f7482c0_item9 .uc-heading\n{\n  background-color:;\n}\n#uc_uc_icon_accordion_elementor_f7482c0_item10 .ue_icon\n{\n  background-color:;\n}\n\n#uc_uc_icon_accordion_elementor_f7482c0_item10 .uc-heading\n{\n  background-color:;\n}\n#uc_uc_icon_accordion_elementor_f7482c0_item11 .ue_icon\n{\n  background-color:;\n}\n\n#uc_uc_icon_accordion_elementor_f7482c0_item11 .uc-heading\n{\n  background-color:;\n}\n#uc_uc_icon_accordion_elementor_f7482c0_item12 .ue_icon\n{\n  background-color:;\n}\n\n#uc_uc_icon_accordion_elementor_f7482c0_item12 .uc-heading\n{\n  background-color:;\n}\n\n\n<\/style>\n\n<div class=\"uc_material_accordion \" id=\"uc_uc_icon_accordion_elementor_f7482c0\" data-name=\"\" data-closeothers=\"true\" >\n    \t<div class=\"uc_container\">\n            \n\t\t\n<div id=\"uc_uc_icon_accordion_elementor_f7482c0_item1\" class=\"uc_ac_box uc-item-active elementor-repeater-item-1985165\">\n  <div class=\"uc-heading uc_trigger\">\n    \n        \n    <h4 class=\"ue_title\">Puc integrar Hybo immediatament a les meves oficines?<\/h4>\n    \n    \n        <div class=\"ue_expand_spacing\"><\/div>\n    <div class=\"ue_expand\">\n      <div class=\"ue_expand_inside\">\n      <span class=\"uc_dactive bbb ue_accordion_icon\" ><i class='fas fa-plus'><\/i><\/span>\n      <span class=\"uc_active bbb ue_accordion_icon\"><i class='fas fa-minus'><\/i><\/span>\n      <\/div>\n    <\/div>\n        \n  <\/div>\n  <!-- end of heading -->\n  \n  \n  <div class=\"uc_content\" style='display:block'>\n          <p>Des del minuto 0, hybo puede integrarse en tus herramientas de gesti\u00f3n sin esperar desarrollos ni estudios.<\/p>\n     \n    \n     \n    \n  <\/div>\n<\/div>\n\n\n<div id=\"uc_uc_icon_accordion_elementor_f7482c0_item2\" class=\"uc_ac_box  elementor-repeater-item-922e2da\">\n  <div class=\"uc-heading uc_trigger\">\n    \n        \n    <h4 class=\"ue_title\">Puc personalitzar-ne les funcions?<\/h4>\n    \n    \n        <div class=\"ue_expand_spacing\"><\/div>\n    <div class=\"ue_expand\">\n      <div class=\"ue_expand_inside\">\n      <span class=\"uc_dactive bbb ue_accordion_icon\" ><i class='fas fa-plus'><\/i><\/span>\n      <span class=\"uc_active bbb ue_accordion_icon\"><i class='fas fa-minus'><\/i><\/span>\n      <\/div>\n    <\/div>\n        \n  <\/div>\n  <!-- end of heading -->\n  \n  \n  <div class=\"uc_content\" >\n          <p>Hybo permite ser personalizables, a\u00f1adiendo mapas de tus oficinas y su imagen corporativa. Adem\u00e1s, permite implementar funcionalidades personalizadas.<\/p>\n     \n    \n     \n    \n  <\/div>\n<\/div>\n\n\n<div id=\"uc_uc_icon_accordion_elementor_f7482c0_item3\" class=\"uc_ac_box  elementor-repeater-item-cdb81ea\">\n  <div class=\"uc-heading uc_trigger\">\n    \n        \n    <h4 class=\"ue_title\">Hibo s'integra a les meves eines de gesti\u00f3?<\/h4>\n    \n    \n        <div class=\"ue_expand_spacing\"><\/div>\n    <div class=\"ue_expand\">\n      <div class=\"ue_expand_inside\">\n      <span class=\"uc_dactive bbb ue_accordion_icon\" ><i class='fas fa-plus'><\/i><\/span>\n      <span class=\"uc_active bbb ue_accordion_icon\"><i class='fas fa-minus'><\/i><\/span>\n      <\/div>\n    <\/div>\n        \n  <\/div>\n  <!-- end of heading -->\n  \n  \n  <div class=\"uc_content\" >\n          <p>Hybo se integra en la mayoria de herramientas de gesti\u00f3n tales como Office 365, Google Workspace, Saas,etc.<\/p>\n     \n    \n     \n    \n  <\/div>\n<\/div>\n\n\n<div id=\"uc_uc_icon_accordion_elementor_f7482c0_item4\" class=\"uc_ac_box  elementor-repeater-item-4d396c7\">\n  <div class=\"uc-heading uc_trigger\">\n    \n        \n    <h4 class=\"ue_title\">Hibo permet la dom\u00f2tica?<\/h4>\n    \n    \n        <div class=\"ue_expand_spacing\"><\/div>\n    <div class=\"ue_expand\">\n      <div class=\"ue_expand_inside\">\n      <span class=\"uc_dactive bbb ue_accordion_icon\" ><i class='fas fa-plus'><\/i><\/span>\n      <span class=\"uc_active bbb ue_accordion_icon\"><i class='fas fa-minus'><\/i><\/span>\n      <\/div>\n    <\/div>\n        \n  <\/div>\n  <!-- end of heading -->\n  \n  \n  <div class=\"uc_content\" >\n          <p>Entre muchas de sus caracter\u00edsticas, Hybo permite integrar dispositivos para realizar Check-In y Check-Out automatizados o pantallas para realizar reservas o mostrar disponibilidades y ocupaciones.<\/p>\n     \n    \n     \n    \n  <\/div>\n<\/div>\n\n\n<div id=\"uc_uc_icon_accordion_elementor_f7482c0_item5\" class=\"uc_ac_box  elementor-repeater-item-741645e\">\n  <div class=\"uc-heading uc_trigger\">\n    \n        \n    <h4 class=\"ue_title\">\u00c9s una aplicaci\u00f3 M\u00f2bil i responsive?<\/h4>\n    \n    \n        <div class=\"ue_expand_spacing\"><\/div>\n    <div class=\"ue_expand\">\n      <div class=\"ue_expand_inside\">\n      <span class=\"uc_dactive bbb ue_accordion_icon\" ><i class='fas fa-plus'><\/i><\/span>\n      <span class=\"uc_active bbb ue_accordion_icon\"><i class='fas fa-minus'><\/i><\/span>\n      <\/div>\n    <\/div>\n        \n  <\/div>\n  <!-- end of heading -->\n  \n  \n  <div class=\"uc_content\" >\n          <p>Es una progresive web app funciona en cualquier dispositivo Movil, Laptop, Tablet, puedes instalarlo como una aplicaci\u00f3n en el dispositivo y se abrir\u00e1 en un navegador web de preferencia.<\/p>\n     \n    \n     \n    \n  <\/div>\n<\/div>\n\n\n<div id=\"uc_uc_icon_accordion_elementor_f7482c0_item6\" class=\"uc_ac_box  elementor-repeater-item-8647ee0\">\n  <div class=\"uc-heading uc_trigger\">\n    \n        \n    <h4 class=\"ue_title\">Em cobren per espais?<\/h4>\n    \n    \n        <div class=\"ue_expand_spacing\"><\/div>\n    <div class=\"ue_expand\">\n      <div class=\"ue_expand_inside\">\n      <span class=\"uc_dactive bbb ue_accordion_icon\" ><i class='fas fa-plus'><\/i><\/span>\n      <span class=\"uc_active bbb ue_accordion_icon\"><i class='fas fa-minus'><\/i><\/span>\n      <\/div>\n    <\/div>\n        \n  <\/div>\n  <!-- end of heading -->\n  \n  \n  <div class=\"uc_content\" >\n          <p>No, nuestros planes van por licenciamiento por usuarios no por espacio f\u00edsico.<\/p>\n     \n    \n     \n    \n  <\/div>\n<\/div>\n\n\n<div id=\"uc_uc_icon_accordion_elementor_f7482c0_item7\" class=\"uc_ac_box  elementor-repeater-item-da84ac3\">\n  <div class=\"uc-heading uc_trigger\">\n    \n        \n    <h4 class=\"ue_title\">Qu\u00e8 s\u00f3n els mapes?<\/h4>\n    \n    \n        <div class=\"ue_expand_spacing\"><\/div>\n    <div class=\"ue_expand\">\n      <div class=\"ue_expand_inside\">\n      <span class=\"uc_dactive bbb ue_accordion_icon\" ><i class='fas fa-plus'><\/i><\/span>\n      <span class=\"uc_active bbb ue_accordion_icon\"><i class='fas fa-minus'><\/i><\/span>\n      <\/div>\n    <\/div>\n        \n  <\/div>\n  <!-- end of heading -->\n  \n  \n  <div class=\"uc_content\" >\n          <p>Son aquellos planos o zonas donde determinamos el espacio a reserva, ya sean pisos de oficinas o plazas de aparcamiento.<\/p>\n     \n    \n     \n    \n  <\/div>\n<\/div>\n\n\n<div id=\"uc_uc_icon_accordion_elementor_f7482c0_item8\" class=\"uc_ac_box  elementor-repeater-item-efdf80b\">\n  <div class=\"uc-heading uc_trigger\">\n    \n        \n    <h4 class=\"ue_title\">Les sales de reunions estan sincronitzades amb la gesti\u00f3 de sales per Outlook?<\/h4>\n    \n    \n        <div class=\"ue_expand_spacing\"><\/div>\n    <div class=\"ue_expand\">\n      <div class=\"ue_expand_inside\">\n      <span class=\"uc_dactive bbb ue_accordion_icon\" ><i class='fas fa-plus'><\/i><\/span>\n      <span class=\"uc_active bbb ue_accordion_icon\"><i class='fas fa-minus'><\/i><\/span>\n      <\/div>\n    <\/div>\n        \n  <\/div>\n  <!-- end of heading -->\n  \n  \n  <div class=\"uc_content\" >\n          <p>Si, cuando hace una reserva a trav\u00e9s de hybo se sincroniza con Outlook y es bidireccional esto quiere decir que si reservas tanto por Hybo o por Outlook nadie m\u00e1s la podr\u00e1 reservar.<\/p>\n     \n    \n     \n    \n  <\/div>\n<\/div>\n\n\n<div id=\"uc_uc_icon_accordion_elementor_f7482c0_item9\" class=\"uc_ac_box  elementor-repeater-item-5aa6d4e\">\n  <div class=\"uc-heading uc_trigger\">\n    \n        \n    <h4 class=\"ue_title\">Puc alliberar un lloc de treball si no vaig a l'oficina?<\/h4>\n    \n    \n        <div class=\"ue_expand_spacing\"><\/div>\n    <div class=\"ue_expand\">\n      <div class=\"ue_expand_inside\">\n      <span class=\"uc_dactive bbb ue_accordion_icon\" ><i class='fas fa-plus'><\/i><\/span>\n      <span class=\"uc_active bbb ue_accordion_icon\"><i class='fas fa-minus'><\/i><\/span>\n      <\/div>\n    <\/div>\n        \n  <\/div>\n  <!-- end of heading -->\n  \n  \n  <div class=\"uc_content\" >\n          <p>Si, tienes la opci\u00f3n de borrar la reserva y dejar libre el espacio reservado.<\/p>\n     \n    \n     \n    \n  <\/div>\n<\/div>\n\n\n<div id=\"uc_uc_icon_accordion_elementor_f7482c0_item10\" class=\"uc_ac_box  elementor-repeater-item-10f04b8\">\n  <div class=\"uc-heading uc_trigger\">\n    \n        \n    <h4 class=\"ue_title\">Tenen integraci\u00f3 mitjan\u00e7ant API?<\/h4>\n    \n    \n        <div class=\"ue_expand_spacing\"><\/div>\n    <div class=\"ue_expand\">\n      <div class=\"ue_expand_inside\">\n      <span class=\"uc_dactive bbb ue_accordion_icon\" ><i class='fas fa-plus'><\/i><\/span>\n      <span class=\"uc_active bbb ue_accordion_icon\"><i class='fas fa-minus'><\/i><\/span>\n      <\/div>\n    <\/div>\n        \n  <\/div>\n  <!-- end of heading -->\n  \n  \n  <div class=\"uc_content\" >\n          <p>Si, poseemos una API<\/p>\n     \n    \n     \n    \n  <\/div>\n<\/div>\n\n\n<div id=\"uc_uc_icon_accordion_elementor_f7482c0_item11\" class=\"uc_ac_box  elementor-repeater-item-59da23d\">\n  <div class=\"uc-heading uc_trigger\">\n    \n        \n    <h4 class=\"ue_title\">Puc dividir els espais per zones?<\/h4>\n    \n    \n        <div class=\"ue_expand_spacing\"><\/div>\n    <div class=\"ue_expand\">\n      <div class=\"ue_expand_inside\">\n      <span class=\"uc_dactive bbb ue_accordion_icon\" ><i class='fas fa-plus'><\/i><\/span>\n      <span class=\"uc_active bbb ue_accordion_icon\"><i class='fas fa-minus'><\/i><\/span>\n      <\/div>\n    <\/div>\n        \n  <\/div>\n  <!-- end of heading -->\n  \n  \n  <div class=\"uc_content\" >\n          <p>Si, podemos separar los espacios de trabajo por zonas\/departamentos para limitar la reserva de espacios y poder tener a todo nuestro equipo en un mismo lugar.<\/p>\n     \n    \n     \n    \n  <\/div>\n<\/div>\n\n\n<div id=\"uc_uc_icon_accordion_elementor_f7482c0_item12\" class=\"uc_ac_box  elementor-repeater-item-f4117e3\">\n  <div class=\"uc-heading uc_trigger\">\n    \n        \n    <h4 class=\"ue_title\">Puc agrupar els meus equips en espais semblants?<\/h4>\n    \n    \n        <div class=\"ue_expand_spacing\"><\/div>\n    <div class=\"ue_expand\">\n      <div class=\"ue_expand_inside\">\n      <span class=\"uc_dactive bbb ue_accordion_icon\" ><i class='fas fa-plus'><\/i><\/span>\n      <span class=\"uc_active bbb ue_accordion_icon\"><i class='fas fa-minus'><\/i><\/span>\n      <\/div>\n    <\/div>\n        \n  <\/div>\n  <!-- end of heading -->\n  \n  \n  <div class=\"uc_content\" >\n          <p>Si, con la divisi\u00f3n de zonas podemos separar juntar a los miembros de los equipos en zonas.<\/p>\n     \n    \n     \n    \n  <\/div>\n<\/div>\n\n        <\/div>\n<\/div>\n<!-- end Icon Accordion -->\t\t\t\t<\/div>\n\t\t\t\t<\/div>\n\t\t\t\t<\/div>\n\t\t\t\t\t<\/div>\n\t\t\t\t<\/div>\n\t\t\t\t<\/div>\n\t\t","protected":false},"excerpt":{"rendered":"<p>Servei t\u00e8cnic d&#8217;Hybo Si ets client i tens alguna consulta o dubte t\u00e8cnic, pots contactar amb el nostre servei t\u00e8cnic. [&hellip;]<\/p>\n","protected":false},"author":1,"featured_media":0,"parent":0,"menu_order":0,"comment_status":"closed","ping_status":"closed","template":"","meta":{"_acf_changed":false,"content-type":"","site-sidebar-layout":"no-sidebar","site-content-layout":"","ast-site-content-layout":"full-width-container","site-content-style":"default","site-sidebar-style":"default","ast-global-header-display":"","ast-banner-title-visibility":"","ast-main-header-display":"","ast-hfb-above-header-display":"","ast-hfb-below-header-display":"","ast-hfb-mobile-header-display":"","site-post-title":"disabled","ast-breadcrumbs-content":"","ast-featured-img":"disabled","footer-sml-layout":"","ast-disable-related-posts":"","theme-transparent-header-meta":"default","adv-header-id-meta":"","stick-header-meta":"","header-above-stick-meta":"","header-main-stick-meta":"","header-below-stick-meta":"","astra-migrate-meta-layouts":"set","ast-page-background-enabled":"default","ast-page-background-meta":{"desktop":{"background-color":"var(--ast-global-color-4)","background-image":"","background-repeat":"repeat","background-position":"center center","background-size":"auto","background-attachment":"scroll","background-type":"","background-media":"","overlay-type":"","overlay-color":"","overlay-opacity":"","overlay-gradient":""},"tablet":{"background-color":"","background-image":"","background-repeat":"repeat","background-position":"center center","background-size":"auto","background-attachment":"scroll","background-type":"","background-media":"","overlay-type":"","overlay-color":"","overlay-opacity":"","overlay-gradient":""},"mobile":{"background-color":"","background-image":"","background-repeat":"repeat","background-position":"center center","background-size":"auto","background-attachment":"scroll","background-type":"","background-media":"","overlay-type":"","overlay-color":"","overlay-opacity":"","overlay-gradient":""}},"ast-content-background-meta":{"desktop":{"background-color":"var(--ast-global-color-5)","background-image":"","background-repeat":"repeat","background-position":"center center","background-size":"auto","background-attachment":"scroll","background-type":"","background-media":"","overlay-type":"","overlay-color":"","overlay-opacity":"","overlay-gradient":""},"tablet":{"background-color":"var(--ast-global-color-5)","background-image":"","background-repeat":"repeat","background-position":"center center","background-size":"auto","background-attachment":"scroll","background-type":"","background-media":"","overlay-type":"","overlay-color":"","overlay-opacity":"","overlay-gradient":""},"mobile":{"background-color":"var(--ast-global-color-5)","background-image":"","background-repeat":"repeat","background-position":"center center","background-size":"auto","background-attachment":"scroll","background-type":"","background-media":"","overlay-type":"","overlay-color":"","overlay-opacity":"","overlay-gradient":""}},"footnotes":""},"class_list":["post-81449","page","type-page","status-publish","hentry"],"acf":[],"_links":{"self":[{"href":"https:\/\/hybo.app\/ca\/wp-json\/wp\/v2\/pages\/81449","targetHints":{"allow":["GET"]}}],"collection":[{"href":"https:\/\/hybo.app\/ca\/wp-json\/wp\/v2\/pages"}],"about":[{"href":"https:\/\/hybo.app\/ca\/wp-json\/wp\/v2\/types\/page"}],"author":[{"embeddable":true,"href":"https:\/\/hybo.app\/ca\/wp-json\/wp\/v2\/users\/1"}],"replies":[{"embeddable":true,"href":"https:\/\/hybo.app\/ca\/wp-json\/wp\/v2\/comments?post=81449"}],"version-history":[{"count":3,"href":"https:\/\/hybo.app\/ca\/wp-json\/wp\/v2\/pages\/81449\/revisions"}],"predecessor-version":[{"id":86051,"href":"https:\/\/hybo.app\/ca\/wp-json\/wp\/v2\/pages\/81449\/revisions\/86051"}],"wp:attachment":[{"href":"https:\/\/hybo.app\/ca\/wp-json\/wp\/v2\/media?parent=81449"}],"curies":[{"name":"wp","href":"https:\/\/api.w.org\/{rel}","templated":true}]}}